{"id":378,"date":"2024-12-17T20:38:57","date_gmt":"2024-12-17T19:38:57","guid":{"rendered":"http:\/\/192.168.1.201\/wordpress\/?page_id=378"},"modified":"2024-12-17T20:38:57","modified_gmt":"2024-12-17T19:38:57","slug":"certifikace-lca-epd-ekoznaceni","status":"publish","type":"page","link":"https:\/\/www.ecotrend.cz\/?page_id=378","title":{"rendered":"Certifikace \u2013 LCA, EPD, ekozna\u010den\u00ed"},"content":{"rendered":"\n<p>Nab\u00edz\u00edme zpracov\u00e1n\u00ed studi\u00ed posuzov\u00e1n\u00ed \u017eivotn\u00edho cyklu (LCA) pro produkty a slu\u017eby, p\u0159izp\u016fsoben\u00e9 va\u0161im specifick\u00fdm pot\u0159eb\u00e1m. Tyto studie mohou slou\u017eit k vytvo\u0159en\u00ed environment\u00e1ln\u00edho prohl\u00e1\u0161en\u00ed o produktu (EPD), zaji\u0161t\u011bn\u00ed ekologick\u00e9ho zna\u010den\u00ed, hodnocen\u00ed environment\u00e1ln\u00edho profilu produktu, komparativn\u00ed anal\u00fdze, zlep\u0161en\u00ed syst\u00e9mu environment\u00e1ln\u00edho managementu dle ISO 14001, nebo podpo\u0159e spole\u010densk\u00e9 odpov\u011bdnosti firem (CSR). Na\u0161e laborato\u0159 vyu\u017e\u00edv\u00e1 nejnov\u011bj\u0161\u00ed software SimaPro 8 s datab\u00e1zemi EcoInvent a charakteriza\u010dn\u00edmi faktory. S problematikou LCA a EPD m\u00e1me zku\u0161enosti od roku 2006 a nab\u00edz\u00edme i inovativn\u00ed green marketingov\u00e9 strategie a efektivn\u00ed postupy zpracov\u00e1n\u00ed pro sn\u00ed\u017een\u00ed n\u00e1klad\u016f a \u010dasu.<\/p>\n\n\n\n<h3 class=\"wp-block-heading\">Posuzov\u00e1n\u00ed \u017eivotn\u00edho cyklu &#8211; Life Cycle Assessment (LCA)<\/h3>\n\n\n\n<p>Nab\u00edz\u00edme zpracov\u00e1n\u00ed studie LCA na produkty \u2013 v\u00fdrobky i slu\u017eby. Zpracov\u00e1n\u00ed LCA p\u0159izp\u016fsob\u00edme \u00fa\u010delu, pro kter\u00fd jej chcete vyu\u017e\u00edt a j\u00edm\u017e m\u016f\u017ee b\u00fdt nap\u0159.:<\/p>\n\n\n\n<ul class=\"wp-block-list\">\n<li>N\u00e1sledn\u00e9 zpracov\u00e1n\u00ed Environment\u00e1ln\u00edho prohl\u00e1\u0161en\u00ed produktu (Environmental Product Declaration \u2013 EPD), kter\u00e9 v\u00e1m rovn\u011b\u017e r\u00e1di zajist\u00edme<\/li>\n\n\n\n<li>N\u00e1sledn\u00e9 zpracov\u00e1n\u00ed jin\u00e9ho typu environment\u00e1ln\u00edho zna\u010den\u00ed \u2013 Ekologicky \u0161etrn\u00fd v\u00fdrobek, nebo vlastn\u00ed environment\u00e1ln\u00ed tvrzen\u00ed, zalo\u017een\u00e9 na v\u00fdsledc\u00edch LCA<\/li>\n\n\n\n<li>Hodnocen\u00ed environment\u00e1ln\u00edho profilu produktu, v\u010detn\u011b uhl\u00edkov\u00e9 (carbon footprint) a vodn\u00ed stopy (water footprint)<\/li>\n\n\n\n<li>Komparativn\u00ed anal\u00fdza re\u00e1ln\u00fdch i modelov\u00fdch produkt\u016f (ve f\u00e1zi n\u00e1vrhu nebo v\u00fdvoje), jej\u00edm\u017e v\u00fdstupem je kvantifikovan\u00e9 a podlo\u017een\u00e9 hodnocen\u00ed vlivu na \u017eivotn\u00ed prost\u0159ed\u00ed, kter\u00e9 je d\u016fsledkem zm\u011bn ve slo\u017een\u00ed, v\u00fdrob\u011b nebo funkc\u00edch (environment\u00e1ln\u00ed modelov\u00e1n\u00ed produkt\u016f)<\/li>\n\n\n\n<li>Zpracov\u00e1n\u00ed LCA pro \u00fa\u010dely zlep\u0161ov\u00e1n\u00ed syst\u00e9mu environment\u00e1ln\u00edho managementu (EMS) dle ISO 14001 \u2013 vazba na c\u00edle a programy jejich pln\u011bn\u00ed, monitoring, hodnocen\u00ed a \u0159\u00edzen\u00ed proces\u016f a environment\u00e1ln\u00edch aspekt\u016f<\/li>\n\n\n\n<li>Zajist\u00edme vazbu na Spole\u010denskou odpov\u011bdnost firem (Corporate Social Responsibility &#8211; CSR)<\/li>\n<\/ul>\n\n\n\n<h3 class=\"wp-block-heading\">Speci\u00e1ln\u00ed nab\u00eddka LCA plus<\/h3>\n\n\n\n<p>M\u016f\u017eeme nab\u00eddnout zpracov\u00e1n\u00ed LCA a EPD s n\u00e1sleduj\u00edc\u00edmi benefity:<\/p>\n\n\n\n<ul class=\"wp-block-list\">\n<li>Efektivn\u011bj\u0161\u00ed postup zpracov\u00e1n\u00ed \u2013 mo\u017enost sn\u00ed\u017een\u00ed \u010dasov\u00e9 i finan\u010dn\u00ed n\u00e1ro\u010dnosti zpracov\u00e1n\u00ed<\/li>\n\n\n\n<li>Vy\u0161\u0161\u00ed zapojen\u00ed z\u00e1stupce spole\u010dnosti do problematiky LCA a EPD \u2013 vy\u0161\u0161\u00ed pov\u011bdom\u00ed o marketingov\u00e9m i technick\u00e9m potenci\u00e1lu LCA a EPD<\/li>\n\n\n\n<li>V\u00fdsledky LCA a EPD v\u00e1m budou krom\u011b standardn\u00ed formy studie LCA a Environment\u00e1ln\u00edho prohl\u00e1\u0161en\u00ed p\u0159ed\u00e1ny i ve form\u011b p\u0159ehledn\u00fdch \u0161t\u00edtk\u016f, kter\u00e9 jsou vhodn\u00e9 pro prezentaci managementu, z\u00e1kazn\u00edk\u016fm i ve\u0159ejnosti<\/li>\n\n\n\n<li>Green Marketing \u2013 inovativn\u00ed postupy p\u0159i z\u00edsk\u00e1v\u00e1n\u00ed a udr\u017een\u00ed n\u00e1ro\u010dn\u00fdch z\u00e1kazn\u00edk\u016f<\/li>\n<\/ul>\n\n\n\n<h3 class=\"wp-block-heading\">Reference<\/h3>\n\n\n\n<p>Problematikou LCA a EPD se zab\u00fdv\u00e1me od roku 2006. Od t\u00e9to doby jsme zpracovali n\u011bkolik des\u00edtek LCA (v chemick\u00e9m, stavebn\u00edm nebo plastik\u00e1\u0159sk\u00e9m pr\u016fmyslu, v\u010detn\u011b slu\u017eeb), a to bu\u010f pro n\u00e1sledn\u00e1 EPD, nebo pro \u00fa\u010dely projekt\u016f v\u011bdy a v\u00fdzkumu (nap\u0159. p\u0159i porovn\u00e1n\u00ed vlivu energetick\u00fdch technologi\u00ed na \u017eivotn\u00ed prost\u0159ed\u00ed nebo v oblasti odpadov\u00e9ho hospod\u00e1\u0159stv\u00ed).<br>Na\u0161e laborato\u0159 je vybavena posledn\u00ed verz\u00ed nizozemsk\u00e9ho SW SImaPro 8 v nejvy\u0161\u0161\u00ed verzi (developer), v\u010detn\u011b v\u0161ech souvisej\u00edc\u00edch datab\u00e1z\u00ed (zejm\u00e9na EcoInvent) a nejv\u00fdznamn\u011bj\u0161\u00edch sad charakteriza\u010dn\u00edch faktor\u016f.<\/p>\n\n\n\n<h3 class=\"wp-block-heading\">Ekozna\u010den\u00ed (Ecolabelling)<\/h3>\n\n\n\n<p><strong>Environment\u00e1ln\u00ed prohl\u00e1\u0161en\u00ed o produktu (EPD \u2013 Environmental Product Declaration)<\/strong><\/p>\n\n\n\n<p>Nab\u00edz\u00edme v\u00e1m zpracov\u00e1n\u00ed EPD pro va\u0161e produkty, produktov\u00e9 \u0159ady a slu\u017eby, a to v\u010detn\u011b p\u0159edchoz\u00edho nezbytn\u00e9ho zpracov\u00e1n\u00ed Posouzen\u00ed \u017eivotn\u00edho cyklu produktu (LCA). V t\u00e9to souvislosti m\u016f\u017eeme zajistit:<\/p>\n\n\n\n<ul class=\"wp-block-list\">\n<li>Zpracov\u00e1n\u00ed EPD pro jednotliv\u00e9 produkty a slu\u017eby<\/li>\n\n\n\n<li>Zpracov\u00e1n\u00ed EPD pro produktov\u00e9 \u0159ady, v\u010detn\u011b anal\u00fdzy citlivosti pro ov\u011b\u0159en\u00ed mo\u017enosti seskupen\u00ed produkt\u016f<\/li>\n\n\n\n<li>Spolupr\u00e1ci p\u0159i ov\u011b\u0159ov\u00e1n\u00ed a registraci EPD, v\u010detn\u011b administrativn\u00edch krok\u016f (vypln\u011bn\u00ed \u017e\u00e1dosti apod.)<\/li>\n\n\n\n<li>Spolupr\u00e1ci p\u0159i jedn\u00e1n\u00ed s ov\u011b\u0159ovatelem (akreditovan\u00fdm org\u00e1nem) \u2013 dlouhodob\u011b \u00fasp\u011b\u0161n\u011b spolupracujeme s aktu\u00e1ln\u011b jedin\u00fdm akreditovan\u00fdm ov\u011b\u0159ovatelem EPD \u2013 V\u00fdzkumn\u00fd \u00fastav pozemn\u00edch staveb, certifika\u010dn\u00ed spole\u010dnost s.r.o.<\/li>\n\n\n\n<li>EPD v oblasti stavebnictv\u00ed je zohled\u0148ov\u00e1no v r\u00e1mci komplexn\u00edho hodnocen\u00ed budov &#8211; SBToolCZ, BREEAM nebo LEED. Pom\u016f\u017eeme v\u00e1m s jeho uplatn\u011bn\u00edm<\/li>\n<\/ul>\n\n\n\n<p>Ekologicky \u0161etrn\u00fd v\u00fdrobek<\/p>\n\n\n\n<p>Pom\u016f\u017eeme v\u00e1m se zaji\u0161t\u011bn\u00edm procesu, vedouc\u00edho k z\u00edsk\u00e1n\u00ed zna\u010dky <a href=\"https:\/\/www.ekoznacka.cz\/ekoznacka-esv-a-ess\/\">Ekologicky \u0161etrn\u00fd v\u00fdrobek<\/a><\/p>\n\n\n\n<p><strong>Vlastn\u00ed environment\u00e1ln\u00ed tvrzen\u00ed<\/strong><\/p>\n\n\n\n<p>Pom\u016f\u017eeme v\u00e1m analyzovat v\u00e1\u0161 produkt a nal\u00e9zt jeho environment\u00e1ln\u00ed p\u0159ednosti, p\u0159\u00edpadn\u011b navrhneme postupy k jejich zlep\u0161en\u00ed a zp\u016fsoby jejich efektivn\u00ed marketingov\u00e9 deklarace.<\/p>\n\n\n\n<p><a href=\"https:\/\/www.ekoznacka.cz\/pozadavky-na-vet-podle-iso-14021\">V\u00edce informac\u00ed zde<\/a>.<\/p>\n","protected":false},"excerpt":{"rendered":"<p>Nab\u00edz\u00edme zpracov\u00e1n\u00ed studi\u00ed posuzov\u00e1n\u00ed \u017eivotn\u00edho cyklu (LCA) pro produkty a slu\u017eby, p\u0159izp\u016fsoben\u00e9 va\u0161im specifick\u00fdm pot\u0159eb\u00e1m. Tyto studie mohou slou\u017eit k vytvo\u0159en\u00ed environment\u00e1ln\u00edho prohl\u00e1\u0161en\u00ed o produktu (EPD), zaji\u0161t\u011bn\u00ed ekologick\u00e9ho zna\u010den\u00ed, hodnocen\u00ed environment\u00e1ln\u00edho profilu produktu, komparativn\u00ed anal\u00fdze, zlep\u0161en\u00ed syst\u00e9mu environment\u00e1ln\u00edho managementu dle ISO 14001, nebo podpo\u0159e spole\u010densk\u00e9 odpov\u011bdnosti firem (CSR). Na\u0161e laborato\u0159 vyu\u017e\u00edv\u00e1 nejnov\u011bj\u0161\u00ed software SimaPro 8 [&hellip;]<\/p>\n","protected":false},"author":1,"featured_media":0,"parent":0,"menu_order":0,"comment_status":"closed","ping_status":"closed","template":"","meta":{"footnotes":""},"class_list":["post-378","page","type-page","status-publish","hentry"],"_links":{"self":[{"href":"https:\/\/www.ecotrend.cz\/index.php?rest_route=\/wp\/v2\/pages\/378","targetHints":{"allow":["GET"]}}],"collection":[{"href":"https:\/\/www.ecotrend.cz\/index.php?rest_route=\/wp\/v2\/pages"}],"about":[{"href":"https:\/\/www.ecotrend.cz\/index.php?rest_route=\/wp\/v2\/types\/page"}],"author":[{"embeddable":true,"href":"https:\/\/www.ecotrend.cz\/index.php?rest_route=\/wp\/v2\/users\/1"}],"replies":[{"embeddable":true,"href":"https:\/\/www.ecotrend.cz\/index.php?rest_route=%2Fwp%2Fv2%2Fcomments&post=378"}],"version-history":[{"count":0,"href":"https:\/\/www.ecotrend.cz\/index.php?rest_route=\/wp\/v2\/pages\/378\/revisions"}],"wp:attachment":[{"href":"https:\/\/www.ecotrend.cz\/index.php?rest_route=%2Fwp%2Fv2%2Fmedia&parent=378"}],"curies":[{"name":"wp","href":"https:\/\/api.w.org\/{rel}","templated":true}]}}