{"id":184,"date":"2024-12-08T15:26:10","date_gmt":"2024-12-08T14:26:10","guid":{"rendered":"http:\/\/192.168.1.201\/wordpress\/?page_id=184"},"modified":"2024-12-28T18:51:33","modified_gmt":"2024-12-28T18:51:33","slug":"eco-trend-research-centre","status":"publish","type":"page","link":"https:\/\/www.ecotrend.cz\/?page_id=184","title":{"rendered":"ECO trend Research centre"},"content":{"rendered":"\n<p>Spole\u010dnost ECO trend Research centre s.r.o. (ET RC) byla zalo\u017eena jako dce\u0159in\u00e1 spole\u010dnost ECO trendu s.r.o. s c\u00edlem v\u011bnovat se v\u00fdzkumu, v\u00fdvoji a inovac\u00edm p\u0159edev\u0161\u00edm v oblasti ekologie a obnoviteln\u00fdch zdroj\u016f, d\u00e1le expertn\u00ed a poradensk\u00e9 \u010dinnosti \u010di vzd\u011bl\u00e1v\u00e1n\u00ed a osv\u011bt\u011b. S\u00eddl\u00ed na stejn\u00e9 adrese jako jej\u00ed mate\u0159sk\u00e1 firma.<\/p>\n\n\n\n<div class=\"wp-block-group is-nowrap is-layout-flex wp-container-core-group-is-layout-6c531013 wp-block-group-is-layout-flex\"><\/div>\n\n\n\n<h2 class=\"wp-block-heading\" style=\"text-decoration:underline\"><a href=\"https:\/\/www.ecotrend.cz\/?cat=3\" data-type=\"category\" data-id=\"3\">Projekty<\/a><\/h2>\n\n\n\n<div class=\"wp-block-query is-layout-flow wp-block-query-is-layout-flow\"><ul class=\"wp-block-post-template is-layout-flow wp-block-post-template-is-layout-flow\"><li class=\"wp-block-post post-2214 post type-post status-publish format-standard has-post-thumbnail hentry category-projekty category-etrc-projekty\">\n\n<div class=\"wp-block-group has-global-padding is-layout-constrained wp-block-group-is-layout-constrained\">\n<div class=\"wp-block-group is-content-justification-space-between is-layout-flex wp-container-core-group-is-layout-9366075c wp-block-group-is-layout-flex\"><figure style=\"aspect-ratio:4\/3;width:25%;\" class=\"wp-block-post-featured-image\"><a href=\"https:\/\/www.ecotrend.cz\/?p=2214\" target=\"_self\"  ><img loading=\"lazy\" decoding=\"async\" width=\"2560\" height=\"1700\" src=\"https:\/\/www.ecotrend.cz\/wp-content\/uploads\/2024\/12\/DSC_6189-scaled.jpg\" class=\"attachment-post-thumbnail size-post-thumbnail wp-post-image\" alt=\"Pl\u00e1nov\u00e1n\u00ed hromadn\u00e9 dopravy se z\u0159etelem k dopad\u016fm na \u017eivotn\u00ed prost\u0159ed\u00ed\" style=\"width:100%;height:100%;object-fit:cover;\" srcset=\"https:\/\/www.ecotrend.cz\/wp-content\/uploads\/2024\/12\/DSC_6189-scaled.jpg 2560w, https:\/\/www.ecotrend.cz\/wp-content\/uploads\/2024\/12\/DSC_6189-300x199.jpg 300w, https:\/\/www.ecotrend.cz\/wp-content\/uploads\/2024\/12\/DSC_6189-1024x680.jpg 1024w, https:\/\/www.ecotrend.cz\/wp-content\/uploads\/2024\/12\/DSC_6189-768x510.jpg 768w, https:\/\/www.ecotrend.cz\/wp-content\/uploads\/2024\/12\/DSC_6189-1536x1020.jpg 1536w, https:\/\/www.ecotrend.cz\/wp-content\/uploads\/2024\/12\/DSC_6189-2048x1360.jpg 2048w\" sizes=\"auto, (max-width: 2560px) 100vw, 2560px\" \/><\/a><\/figure>\n\n\n<div class=\"wp-block-group wp-container-content-663c14dd is-vertical is-layout-flex wp-container-core-group-is-layout-fe9cc265 wp-block-group-is-layout-flex\"><h2 class=\"wp-block-post-title\"><a href=\"https:\/\/www.ecotrend.cz\/?p=2214\" target=\"_self\" >Pl\u00e1nov\u00e1n\u00ed hromadn\u00e9 dopravy se z\u0159etelem k dopad\u016fm na \u017eivotn\u00ed prost\u0159ed\u00ed<\/a><\/h2>\n\n<div class=\"wp-block-post-excerpt\"><p class=\"wp-block-post-excerpt__excerpt\">Z\u00e1m\u011brem projektu je doplnit proces rozhodov\u00e1n\u0131\u0301 o dopravn\u0131\u0301 obslu\u017enosti kraje a pl\u00e1nov\u00e1n\u0131\u0301 dopravn\u0131\u0301ch v\u00fdkon\u016f na \u00fazem\u0131\u0301 kraje, p\u0159\u0131\u0301padn\u011b i m\u011bsta \u010di cel\u00e9 republiky, o environment\u00e1ln\u0131\u0301 parametry, kter\u00e9 zohledn\u0131\u0301 typ dopravy, resp. dopravn\u0131\u0301ho prost\u0159edku vyu\u017eit\u00e9ho k dopravn\u0131\u0301 obsluze \u00fazem\u0131\u0301.C\u0131\u0301lem projektu je v horizontu roku 2026\/27 za\u010dlenit tyto parametry jak do softwarov\u00e9ho n\u00e1stroje pro pl\u00e1nov\u00e1n\u0131\u0301 region\u00e1ln\u0131\u0301 dopravy [&hellip;] <\/p><\/div><\/div>\n<\/div>\n<\/div>\n\n<\/li><li class=\"wp-block-post post-342 post type-post status-publish format-standard has-post-thumbnail hentry category-projekty category-etrc-projekty\">\n\n<div class=\"wp-block-group has-global-padding is-layout-constrained wp-block-group-is-layout-constrained\">\n<div class=\"wp-block-group is-content-justification-space-between is-layout-flex wp-container-core-group-is-layout-9366075c wp-block-group-is-layout-flex\"><figure style=\"aspect-ratio:4\/3;width:25%;\" class=\"wp-block-post-featured-image\"><a href=\"https:\/\/www.ecotrend.cz\/?p=342\" target=\"_self\"  ><img loading=\"lazy\" decoding=\"async\" width=\"350\" height=\"262\" src=\"https:\/\/www.ecotrend.cz\/wp-content\/uploads\/2024\/12\/16.jpg\" class=\"attachment-post-thumbnail size-post-thumbnail wp-post-image\" alt=\"CSRD Self-monitoring mal\u00fdch a st\u0159edn\u00edch podnik\u016f\" style=\"width:100%;height:100%;object-fit:cover;\" srcset=\"https:\/\/www.ecotrend.cz\/wp-content\/uploads\/2024\/12\/16.jpg 350w, https:\/\/www.ecotrend.cz\/wp-content\/uploads\/2024\/12\/16-300x225.jpg 300w\" sizes=\"auto, (max-width: 350px) 100vw, 350px\" \/><\/a><\/figure>\n\n\n<div class=\"wp-block-group wp-container-content-663c14dd is-vertical is-layout-flex wp-container-core-group-is-layout-fe9cc265 wp-block-group-is-layout-flex\"><h2 class=\"wp-block-post-title\"><a href=\"https:\/\/www.ecotrend.cz\/?p=342\" target=\"_self\" >CSRD Self-monitoring mal\u00fdch a st\u0159edn\u00edch podnik\u016f<\/a><\/h2>\n\n<div class=\"wp-block-post-excerpt\"><p class=\"wp-block-post-excerpt__excerpt\">C\u00edlem projektu je vytvo\u0159it prost\u0159ed\u00ed maxim\u00e1ln\u00ed samostatnosti mal\u00fdch a st\u0159edn\u00edch podnik\u016f v oblasti napln\u011bn\u00ed evropsk\u00e9 sm\u011brnice CSRD (Corporate Sustainability Reporting Directive) o nefinan\u010dn\u00edm reportov\u00e1n\u00ed nebo vlastn\u00ed iniciativy v t\u00e9to oblasti, a to se zam\u011b\u0159en\u00edm prim\u00e1rn\u011b na sn\u00ed\u017een\u00ed emis\u00ed sklen\u00edkov\u00fdch plyn\u016f, ale zaji\u0161\u0165uj\u00edc\u00ed tak\u00e9 ostatn\u00ed sf\u00e9ry upraven\u00e9 uvedenou sm\u011brnic\u00ed. C\u00edl bude napln\u011bn vytvo\u0159en\u00edm u\u017eivatelsky srozumiteln\u00e9ho a [&hellip;] <\/p><\/div><\/div>\n<\/div>\n<\/div>\n\n<\/li><li class=\"wp-block-post post-338 post type-post status-publish format-standard has-post-thumbnail hentry category-projekty category-etrc-projekty\">\n\n<div class=\"wp-block-group has-global-padding is-layout-constrained wp-block-group-is-layout-constrained\">\n<div class=\"wp-block-group is-content-justification-space-between is-layout-flex wp-container-core-group-is-layout-9366075c wp-block-group-is-layout-flex\"><figure style=\"aspect-ratio:4\/3;width:25%;\" class=\"wp-block-post-featured-image\"><a href=\"https:\/\/www.ecotrend.cz\/?p=338\" target=\"_self\"  ><img loading=\"lazy\" decoding=\"async\" width=\"350\" height=\"262\" src=\"https:\/\/www.ecotrend.cz\/wp-content\/uploads\/2024\/12\/17.jpg\" class=\"attachment-post-thumbnail size-post-thumbnail wp-post-image\" alt=\"Klima a krajina: Water &#8211; Energy Nexus\" style=\"width:100%;height:100%;object-fit:cover;\" srcset=\"https:\/\/www.ecotrend.cz\/wp-content\/uploads\/2024\/12\/17.jpg 350w, https:\/\/www.ecotrend.cz\/wp-content\/uploads\/2024\/12\/17-300x225.jpg 300w\" sizes=\"auto, (max-width: 350px) 100vw, 350px\" \/><\/a><\/figure>\n\n\n<div class=\"wp-block-group wp-container-content-663c14dd is-vertical is-layout-flex wp-container-core-group-is-layout-fe9cc265 wp-block-group-is-layout-flex\"><h2 class=\"wp-block-post-title\"><a href=\"https:\/\/www.ecotrend.cz\/?p=338\" target=\"_self\" >Klima a krajina: Water &#8211; Energy Nexus<\/a><\/h2>\n\n<div class=\"wp-block-post-excerpt\"><p class=\"wp-block-post-excerpt__excerpt\">\u00da\u010delem projektu je vyu\u017eit\u00ed obnoviteln\u00e9 energetiky v lok\u00e1ln\u00edch a region\u00e1ln\u00edch \u0159e\u0161en\u00edch pro nakl\u00e1d\u00e1n\u00ed s vodami a udr\u017een\u00edm vody v krajin\u011b s d\u016frazem na efektivitu vzhledem k p\u0159\u00edrodn\u00edm a technick\u00fdm podm\u00ednk\u00e1m v m\u00edst\u011b. C\u00edlem pak je na z\u00e1klad\u011b i) zpracovan\u00e9 metodiky zlep\u0161en\u00ed vodn\u00ed bilance a efektivn\u00edho vyu\u017eit\u00ed energie za pomoci soustav mal\u00fdch obnoviteln\u00fdch zdroj\u016f energie (OZE) [&hellip;] <\/p><\/div><\/div>\n<\/div>\n<\/div>\n\n<\/li><li class=\"wp-block-post post-333 post type-post status-publish format-standard has-post-thumbnail hentry category-projekty category-etrc-projekty\">\n\n<div class=\"wp-block-group has-global-padding is-layout-constrained wp-block-group-is-layout-constrained\">\n<div class=\"wp-block-group is-content-justification-space-between is-layout-flex wp-container-core-group-is-layout-9366075c wp-block-group-is-layout-flex\"><figure style=\"aspect-ratio:4\/3;width:25%;\" class=\"wp-block-post-featured-image\"><a href=\"https:\/\/www.ecotrend.cz\/?p=333\" target=\"_self\"  ><img decoding=\"async\" src=\"https:\/\/www.ecotrend.cz\/wp-content\/uploads\/2024\/12\/DSC_7520-kopie.jpg\" class=\"attachment-post-thumbnail size-post-thumbnail wp-post-image\" alt=\"Mapov\u00e1n\u00ed podm\u00ednek pro efektivn\u00ed, bezpe\u010dn\u00e9 a environment\u00e1ln\u011b p\u0159\u00edzniv\u00e9 vyu\u017eit\u00ed \u010dist\u00edrensk\u00fdch kal\u016f\" style=\"width:100%;height:100%;object-fit:cover;\" \/><\/a><\/figure>\n\n\n<div class=\"wp-block-group wp-container-content-663c14dd is-vertical is-layout-flex wp-container-core-group-is-layout-fe9cc265 wp-block-group-is-layout-flex\"><h2 class=\"wp-block-post-title\"><a href=\"https:\/\/www.ecotrend.cz\/?p=333\" target=\"_self\" >Mapov\u00e1n\u00ed podm\u00ednek pro efektivn\u00ed, bezpe\u010dn\u00e9 a environment\u00e1ln\u011b p\u0159\u00edzniv\u00e9 vyu\u017eit\u00ed \u010dist\u00edrensk\u00fdch kal\u016f<\/a><\/h2>\n\n<div class=\"wp-block-post-excerpt\"><p class=\"wp-block-post-excerpt__excerpt\">C\u00edlem projektu je zmapov\u00e1n\u00ed podm\u00ednek pro vyu\u017eit\u00ed \u010dist\u00edrensk\u00fdch kal\u016f. Zejm\u00e9na se jedn\u00e1 o objemy produkovan\u00fdch kal\u016f na jednotliv\u00fdch \u010dist\u00edrn\u00e1ch odpadn\u00edch vod (\u010cOV), technologie jejich zpracov\u00e1n\u00ed (stabilizace) na jednotliv\u00fdch \u010cOV a vhodn\u00e9 plochy pro aplikaci stabilizovan\u00fdch kal\u016f (p\u0159i vylou\u010den\u00ed rizik ekologick\u00fdch, zdravotn\u00edch a ochran\u011b p\u016fdy). V\u00fdstupem budou specializovan\u00e9 mapy t\u011bchto podm\u00ednek na z\u00e1klad\u011b p\u0159edem stanoven\u00fdch metodick\u00fdch [&hellip;] <\/p><\/div><\/div>\n<\/div>\n<\/div>\n\n<\/li><li class=\"wp-block-post post-321 post type-post status-publish format-standard has-post-thumbnail hentry category-projekty category-etrc-projekty\">\n\n<div class=\"wp-block-group has-global-padding is-layout-constrained wp-block-group-is-layout-constrained\">\n<div class=\"wp-block-group is-content-justification-space-between is-layout-flex wp-container-core-group-is-layout-9366075c wp-block-group-is-layout-flex\"><figure style=\"aspect-ratio:4\/3;width:25%;\" class=\"wp-block-post-featured-image\"><a href=\"https:\/\/www.ecotrend.cz\/?p=321\" target=\"_self\"  ><img loading=\"lazy\" decoding=\"async\" width=\"350\" height=\"235\" src=\"https:\/\/www.ecotrend.cz\/wp-content\/uploads\/2024\/12\/1.jpg\" class=\"attachment-post-thumbnail size-post-thumbnail wp-post-image\" alt=\"Hodnocen\u00ed ekonomick\u00fdch dopad\u016f v r\u00e1mci syst\u00e9mu Regional Sources Assessment\" style=\"width:100%;height:100%;object-fit:cover;\" srcset=\"https:\/\/www.ecotrend.cz\/wp-content\/uploads\/2024\/12\/1.jpg 350w, https:\/\/www.ecotrend.cz\/wp-content\/uploads\/2024\/12\/1-300x201.jpg 300w\" sizes=\"auto, (max-width: 350px) 100vw, 350px\" \/><\/a><\/figure>\n\n\n<div class=\"wp-block-group wp-container-content-663c14dd is-vertical is-layout-flex wp-container-core-group-is-layout-fe9cc265 wp-block-group-is-layout-flex\"><h2 class=\"wp-block-post-title\"><a href=\"https:\/\/www.ecotrend.cz\/?p=321\" target=\"_self\" >Hodnocen\u00ed ekonomick\u00fdch dopad\u016f v r\u00e1mci syst\u00e9mu Regional Sources Assessment<\/a><\/h2>\n\n<div class=\"wp-block-post-excerpt\"><p class=\"wp-block-post-excerpt__excerpt\">Z\u00e1m\u011br navazuje na \u0159e\u0161en\u00ed projektu Regional Sustainable Energy Policy based on the Interactive Map of Sources spolufinancovan\u00e9ho z programu LIFE+ a zam\u011b\u0159en\u00e9ho na vznik interaktivn\u00ed mapy obnoviteln\u00fdch zdroj\u016f. T\u00edmto projektem bude projekt LIFE+ dopln\u011bn o ekonomick\u00e9 parametry \u0159e\u0161en\u00ed obnoviteln\u00e9 energetiky v regionech. Z\u00e1rove\u0148 tento projekt navazuje na \u0159e\u0161en\u00ed projektu TA\u010cR &#8211; OMEGA (prvn\u00ed v\u00fdzva) &#8211; [&hellip;] <\/p><\/div><\/div>\n<\/div>\n<\/div>\n\n<\/li><li class=\"wp-block-post post-313 post type-post status-publish format-standard has-post-thumbnail hentry category-projekty category-etrc-projekty\">\n\n<div class=\"wp-block-group has-global-padding is-layout-constrained wp-block-group-is-layout-constrained\">\n<div class=\"wp-block-group is-content-justification-space-between is-layout-flex wp-container-core-group-is-layout-9366075c wp-block-group-is-layout-flex\"><figure style=\"aspect-ratio:4\/3;width:25%;\" class=\"wp-block-post-featured-image\"><a href=\"https:\/\/www.ecotrend.cz\/?p=313\" target=\"_self\"  ><img decoding=\"async\" src=\"https:\/\/www.ecotrend.cz\/wp-content\/uploads\/2024\/12\/DSC_0792.jpg\" class=\"attachment-post-thumbnail size-post-thumbnail wp-post-image\" alt=\"Vyu\u017eit\u00ed syst\u00e9mu RSA v procesu \u00fazemn\u00edho a strategick\u00e9ho pl\u00e1nov\u00e1n\u00ed region\u016f a municipalit\" style=\"width:100%;height:100%;object-fit:cover;\" \/><\/a><\/figure>\n\n\n<div class=\"wp-block-group wp-container-content-663c14dd is-vertical is-layout-flex wp-container-core-group-is-layout-fe9cc265 wp-block-group-is-layout-flex\"><h2 class=\"wp-block-post-title\"><a href=\"https:\/\/www.ecotrend.cz\/?p=313\" target=\"_self\" >Vyu\u017eit\u00ed syst\u00e9mu RSA v procesu \u00fazemn\u00edho a strategick\u00e9ho pl\u00e1nov\u00e1n\u00ed region\u016f a municipalit<\/a><\/h2>\n\n<div class=\"wp-block-post-excerpt\"><p class=\"wp-block-post-excerpt__excerpt\">Hlavn\u00edm napln\u011bn\u00fdm specifick\u00fdm c\u00edlem je vypracovat a zav\u00e9st nov\u00e9 postupy a metody pro anal\u00fdzu a vyhodnocen\u00ed soci\u00e1ln\u00edch, ekonomick\u00fdch probl\u00e9m\u016f (p\u0159\u00edrodn\u00ed zdroje, OZE, infrastruktura) a jejich dopad\u016f na udr\u017eiteln\u00fd rozvoj spole\u010dnosti. \u00da\u010delem projektu je doc\u00edlit efektivn\u00edho vyu\u017eit\u00ed obnoviteln\u00fdch a dal\u0161\u00edch zdroj\u016f, kter\u00e9 tvo\u0159\u00ed jedno ze z\u00e1kladn\u00edch bohatstv\u00ed region\u016f. P\u0159ekotn\u00fdm a neregulovan\u00fdm rozvojem v\u00fdstavby zejm\u00e9na obnoviteln\u00fdch zdroj\u016f [&hellip;] <\/p><\/div><\/div>\n<\/div>\n<\/div>\n\n<\/li><li class=\"wp-block-post post-306 post type-post status-publish format-standard has-post-thumbnail hentry category-projekty category-etrc-projekty\">\n\n<div class=\"wp-block-group has-global-padding is-layout-constrained wp-block-group-is-layout-constrained\">\n<div class=\"wp-block-group is-content-justification-space-between is-layout-flex wp-container-core-group-is-layout-9366075c wp-block-group-is-layout-flex\"><figure style=\"aspect-ratio:4\/3;width:25%;\" class=\"wp-block-post-featured-image\"><a href=\"https:\/\/www.ecotrend.cz\/?p=306\" target=\"_self\"  ><img loading=\"lazy\" decoding=\"async\" width=\"350\" height=\"262\" src=\"https:\/\/www.ecotrend.cz\/wp-content\/uploads\/2024\/12\/14.jpg\" class=\"attachment-post-thumbnail size-post-thumbnail wp-post-image\" alt=\"Rozvoj obnoviteln\u00fdch zdroj\u016f energie bez ve\u0159ejn\u00e9 podpory\" style=\"width:100%;height:100%;object-fit:cover;\" srcset=\"https:\/\/www.ecotrend.cz\/wp-content\/uploads\/2024\/12\/14.jpg 350w, https:\/\/www.ecotrend.cz\/wp-content\/uploads\/2024\/12\/14-300x225.jpg 300w\" sizes=\"auto, (max-width: 350px) 100vw, 350px\" \/><\/a><\/figure>\n\n\n<div class=\"wp-block-group wp-container-content-663c14dd is-vertical is-layout-flex wp-container-core-group-is-layout-fe9cc265 wp-block-group-is-layout-flex\"><h2 class=\"wp-block-post-title\"><a href=\"https:\/\/www.ecotrend.cz\/?p=306\" target=\"_self\" >Rozvoj obnoviteln\u00fdch zdroj\u016f energie bez ve\u0159ejn\u00e9 podpory<\/a><\/h2>\n\n<div class=\"wp-block-post-excerpt\"><p class=\"wp-block-post-excerpt__excerpt\">Hlavn\u00edm c\u00edlem programu je pos\u00edlen\u00ed v\u00fdzkumn\u00fdch aktivit v oblasti aplikovan\u00fdch spole\u010densk\u00fdch v\u011bd a uplatn\u011bn\u00ed v\u00fdsledk\u016f t\u011bchto aktivit pro zv\u00fd\u0161en\u00ed konkurenceschopnosti \u010cesk\u00e9 republiky, zv\u00fd\u0161en\u00ed kvality \u017eivota jejich obyvatel a vyv\u00e1\u017een\u00fd socio-ekonomick\u00fd rozvoj spole\u010dnosti. Tento c\u00edl je spolu se zvolen\u00fdm specifick\u00fdm c\u00edlem napln\u011bn zaveden\u00edm a vyu\u017e\u00edv\u00e1n\u00edm nov\u00e9 metodiky v obc\u00edch, mezi m\u00edstn\u00edmi obyvateli a podnikateli, \u010d\u00edm\u017e bude [&hellip;] <\/p><\/div><\/div>\n<\/div>\n<\/div>\n\n<\/li><li class=\"wp-block-post post-203 post type-post status-publish format-standard has-post-thumbnail hentry category-projekty category-etrc-projekty\">\n\n<div class=\"wp-block-group has-global-padding is-layout-constrained wp-block-group-is-layout-constrained\">\n<div class=\"wp-block-group is-content-justification-space-between is-layout-flex wp-container-core-group-is-layout-9366075c wp-block-group-is-layout-flex\"><figure style=\"aspect-ratio:4\/3;width:25%;\" class=\"wp-block-post-featured-image\"><a href=\"https:\/\/www.ecotrend.cz\/?p=203\" target=\"_self\"  ><img loading=\"lazy\" decoding=\"async\" width=\"350\" height=\"209\" src=\"https:\/\/www.ecotrend.cz\/wp-content\/uploads\/2024\/12\/29.jpg\" class=\"attachment-post-thumbnail size-post-thumbnail wp-post-image\" alt=\"Optimalizace pou\u017eit\u00ed digest\u00e1tu na zem\u011bd\u011blskou p\u016fdu\" style=\"width:100%;height:100%;object-fit:cover;\" srcset=\"https:\/\/www.ecotrend.cz\/wp-content\/uploads\/2024\/12\/29.jpg 350w, https:\/\/www.ecotrend.cz\/wp-content\/uploads\/2024\/12\/29-300x179.jpg 300w\" sizes=\"auto, (max-width: 350px) 100vw, 350px\" \/><\/a><\/figure>\n\n\n<div class=\"wp-block-group wp-container-content-663c14dd is-vertical is-layout-flex wp-container-core-group-is-layout-fe9cc265 wp-block-group-is-layout-flex\"><h2 class=\"wp-block-post-title\"><a href=\"https:\/\/www.ecotrend.cz\/?p=203\" target=\"_self\" >Optimalizace pou\u017eit\u00ed digest\u00e1tu na zem\u011bd\u011blskou p\u016fdu<\/a><\/h2>\n\n<div class=\"wp-block-post-excerpt\"><p class=\"wp-block-post-excerpt__excerpt\">\u0158e\u0161en\u00edm projektu a zaveden\u00edm jeho v\u00fdsledk\u016f do praxe budou z\u00edsk\u00e1ny nov\u00e9 poznatky v oblasti tvorby \u017eivotn\u00edho prost\u0159ed\u00ed t\u00fdkaj\u00edc\u00ed se aktu\u00e1ln\u00ed problematiky vyu\u017eit\u00ed v\u00fdstupn\u00ed suroviny ze zem\u011bd\u011blsk\u00fdch bioplynov\u00fdch stanic &#8211; digest\u00e1tu. Zaveden\u00ed v\u00fdsledk\u016f do praxe bude m\u00edt ekomonick\u00fd i ekologick\u00fd p\u0159\u00ednos. Dopad aplikace digest\u00e1tu ve vztahu k efektivit\u011b vyu\u017eit\u00ed \u017eivin pro tvorbu v\u00fdnosu a ochran\u011b p\u016fdy [&hellip;] <\/p><\/div><\/div>\n<\/div>\n<\/div>\n\n<\/li><li class=\"wp-block-post post-188 post type-post status-publish format-standard has-post-thumbnail hentry category-projekty category-etrc-projekty\">\n\n<div class=\"wp-block-group has-global-padding is-layout-constrained wp-block-group-is-layout-constrained\">\n<div class=\"wp-block-group is-content-justification-space-between is-layout-flex wp-container-core-group-is-layout-9366075c wp-block-group-is-layout-flex\"><figure style=\"aspect-ratio:4\/3;width:25%;\" class=\"wp-block-post-featured-image\"><a href=\"https:\/\/www.ecotrend.cz\/?p=188\" target=\"_self\"  ><img loading=\"lazy\" decoding=\"async\" width=\"350\" height=\"262\" src=\"https:\/\/www.ecotrend.cz\/wp-content\/uploads\/2024\/12\/22.jpg\" class=\"attachment-post-thumbnail size-post-thumbnail wp-post-image\" alt=\"Interaktivn\u00ed mapa obnoviteln\u00fdch zdroj\u016f pro region\u00e1ln\u00ed udr\u017eiteln\u00e9 pl\u00e1nov\u00e1n\u00ed v energetice\" style=\"width:100%;height:100%;object-fit:cover;\" srcset=\"https:\/\/www.ecotrend.cz\/wp-content\/uploads\/2024\/12\/22.jpg 350w, https:\/\/www.ecotrend.cz\/wp-content\/uploads\/2024\/12\/22-300x225.jpg 300w\" sizes=\"auto, (max-width: 350px) 100vw, 350px\" \/><\/a><\/figure>\n\n\n<div class=\"wp-block-group wp-container-content-663c14dd is-vertical is-layout-flex wp-container-core-group-is-layout-fe9cc265 wp-block-group-is-layout-flex\"><h2 class=\"wp-block-post-title\"><a href=\"https:\/\/www.ecotrend.cz\/?p=188\" target=\"_self\" >Interaktivn\u00ed mapa obnoviteln\u00fdch zdroj\u016f pro region\u00e1ln\u00ed udr\u017eiteln\u00e9 pl\u00e1nov\u00e1n\u00ed v energetice<\/a><\/h2>\n\n<div class=\"wp-block-post-excerpt\"><p class=\"wp-block-post-excerpt__excerpt\">C\u00edlem projektu je vypracovat, zav\u00e9st do praxe, otestovat, vyhodnotit a roz\u0161\u00ed\u0159it v r\u00e1mci ve\u0159ejn\u00e9 spr\u00e1vy i podnikatelsk\u00e9 sf\u00e9ry novou komplexn\u00ed metodu urbanistick\u00e9ho managementu a \u00fazemn\u00edho pl\u00e1nov\u00e1n\u00ed pro navrhov\u00e1n\u00ed a posuzov\u00e1n\u00ed energetick\u00fdch z\u00e1m\u011br\u016f, a to z hlediska efektivn\u00edho vyu\u017eit\u00ed p\u0159\u00edrodn\u00edch zdroj\u016f a re\u00e1ln\u00e9 ochrany \u017eivotn\u00edho prost\u0159ed\u00ed tak, aby se sn\u00ed\u017eil po\u010det \u0161patn\u011b posouzen\u00fdch projekt\u016f obnoviteln\u00fdch zdroj\u016f [&hellip;] <\/p><\/div><\/div>\n<\/div>\n<\/div>\n\n<\/li><\/ul><\/div>\n","protected":false},"excerpt":{"rendered":"<p>Spole\u010dnost ECO trend Research centre s.r.o. (ET RC) byla zalo\u017eena jako dce\u0159in\u00e1 spole\u010dnost ECO trendu s.r.o. s c\u00edlem v\u011bnovat se v\u00fdzkumu, v\u00fdvoji a inovac\u00edm p\u0159edev\u0161\u00edm v oblasti ekologie a obnoviteln\u00fdch zdroj\u016f, d\u00e1le expertn\u00ed a poradensk\u00e9 \u010dinnosti \u010di vzd\u011bl\u00e1v\u00e1n\u00ed a osv\u011bt\u011b. S\u00eddl\u00ed na stejn\u00e9 adrese jako jej\u00ed mate\u0159sk\u00e1 firma. Projekty<\/p>\n","protected":false},"author":1,"featured_media":0,"parent":0,"menu_order":4,"comment_status":"closed","ping_status":"closed","template":"","meta":{"footnotes":""},"class_list":["post-184","page","type-page","status-publish","hentry"],"_links":{"self":[{"href":"https:\/\/www.ecotrend.cz\/index.php?rest_route=\/wp\/v2\/pages\/184","targetHints":{"allow":["GET"]}}],"collection":[{"href":"https:\/\/www.ecotrend.cz\/index.php?rest_route=\/wp\/v2\/pages"}],"about":[{"href":"https:\/\/www.ecotrend.cz\/index.php?rest_route=\/wp\/v2\/types\/page"}],"author":[{"embeddable":true,"href":"https:\/\/www.ecotrend.cz\/index.php?rest_route=\/wp\/v2\/users\/1"}],"replies":[{"embeddable":true,"href":"https:\/\/www.ecotrend.cz\/index.php?rest_route=%2Fwp%2Fv2%2Fcomments&post=184"}],"version-history":[{"count":2,"href":"https:\/\/www.ecotrend.cz\/index.php?rest_route=\/wp\/v2\/pages\/184\/revisions"}],"predecessor-version":[{"id":2225,"href":"https:\/\/www.ecotrend.cz\/index.php?rest_route=\/wp\/v2\/pages\/184\/revisions\/2225"}],"wp:attachment":[{"href":"https:\/\/www.ecotrend.cz\/index.php?rest_route=%2Fwp%2Fv2%2Fmedia&parent=184"}],"curies":[{"name":"wp","href":"https:\/\/api.w.org\/{rel}","templated":true}]}}