{"id":108,"date":"2024-12-04T14:11:21","date_gmt":"2024-12-04T13:11:21","guid":{"rendered":"http:\/\/192.168.1.201\/wordpress\/?page_id=108"},"modified":"2024-12-04T14:11:21","modified_gmt":"2024-12-04T13:11:21","slug":"kontakt","status":"publish","type":"page","link":"https:\/\/www.ecotrend.cz\/?page_id=108","title":{"rendered":"Kontakt"},"content":{"rendered":"\n<p><\/p>\n\n\n\n<h2 class=\"wp-block-heading\"><strong>S\u00eddlo spole\u010dnosti&nbsp;<\/strong><\/h2>\n\n\n\n<p>ECO trend s.r.o.<br>V k\u0159ovin\u00e1ch 1541\/18<br>147 00 Praha 4<\/p>\n\n\n\n<p>tel: +420 724 188 917 (administrativa)&nbsp;<br>tel: +420 602 425 755 (jednatel)<br>e-mail: <a href=\"mailto:jan.matejka@ecotrend.cz\">jan.matejka@ecotrend.cz<\/a><\/p>\n\n\n\n<p>I\u010c: 49683039<br>DI\u010c: CZ 49683039<\/p>\n\n\n\n<p>Bankovn\u00ed spojen\u00ed: 2201771441 \/ 2010<br>IBAN CZ2320100000002201771441<br>Fio banka, a.s.<\/p>\n\n\n\n<p><em>Spole\u010dnost zaps\u00e1na dne 21.07.1993 do obchodn\u00edho rejst\u0159\u00edku veden\u00e9ho M\u011bstsk\u00fdm soudem v Praze, spisov\u00e1 zna\u010dka C 22088<br>\u00da\u010detn\u00ed z\u00e1v\u011brky a dal\u0161\u00ed dokumenty jsou ulo\u017eeny ve <a href=\"https:\/\/or.justice.cz\/ias\/ui\/vypis-sl?subjektId=isor%3a44375&amp;klic=i5n85k\">Sb\u00edrce listin<\/a>.<\/em><\/p>\n\n\n\n<p>ID datov\u00e9 schr\u00e1nky:&nbsp; bhv2wkf<\/p>\n\n\n\n<h2 class=\"wp-block-heading\"><strong>ECO trend Research centre s.r.o.<\/strong><\/h2>\n\n\n\n<p>V k\u0159ovin\u00e1ch 1541\/18<br>147 00 Praha 4<\/p>\n\n\n\n<p>tel: +420 724 188 917 (administrativa)<br>tel: +420 602 425 755 (jednatel)<br>e-mail: <a href=\"mailto:nobilis@ecotrend.cz\">nobilis@ecotrend.cz<\/a><\/p>\n\n\n\n<p>I\u010c:&nbsp;28942337<\/p>\n\n\n\n<p>Bankovn\u00ed spojen\u00ed: 2001771455 \/ 2010<br>IBAN CZ4220100000002001771455<br>Fio banka, a.s.<\/p>\n\n\n\n<p><em>Spole\u010dnost zaps\u00e1na dne 29.08.2009 do obchodn\u00edho rejst\u0159\u00edku veden\u00e9ho M\u011bstsk\u00fdm soudem v Praze, spisov\u00e1 zna\u010dka C 154703<br>\u00da\u010detn\u00ed z\u00e1v\u011brky a dal\u0161\u00ed dokumenty jsou ulo\u017eeny ve <a href=\"https:\/\/or.justice.cz\/ias\/ui\/vypis-sl?subjektId=isor%3a100124161&amp;klic=adx2k9\">Sb\u00edrce listin<\/a>.<\/em><\/p>\n\n\n\n<p>ID datov\u00e9 schr\u00e1nky:&nbsp; 8gfxfph<\/p>\n","protected":false},"excerpt":{"rendered":"<p>S\u00eddlo spole\u010dnosti&nbsp; ECO trend s.r.o.V k\u0159ovin\u00e1ch 1541\/18147 00 Praha 4 tel: +420 724 188 917 (administrativa)&nbsp;tel: +420 602 425 755 (jednatel)e-mail: jan.matejka@ecotrend.cz I\u010c: 49683039DI\u010c: CZ 49683039 Bankovn\u00ed spojen\u00ed: 2201771441 \/ 2010IBAN CZ2320100000002201771441Fio banka, a.s. Spole\u010dnost zaps\u00e1na dne 21.07.1993 do obchodn\u00edho rejst\u0159\u00edku veden\u00e9ho M\u011bstsk\u00fdm soudem v Praze, spisov\u00e1 zna\u010dka C 22088\u00da\u010detn\u00ed z\u00e1v\u011brky a dal\u0161\u00ed dokumenty jsou [&hellip;]<\/p>\n","protected":false},"author":1,"featured_media":0,"parent":0,"menu_order":6,"comment_status":"closed","ping_status":"closed","template":"","meta":{"footnotes":""},"class_list":["post-108","page","type-page","status-publish","hentry"],"_links":{"self":[{"href":"https:\/\/www.ecotrend.cz\/index.php?rest_route=\/wp\/v2\/pages\/108","targetHints":{"allow":["GET"]}}],"collection":[{"href":"https:\/\/www.ecotrend.cz\/index.php?rest_route=\/wp\/v2\/pages"}],"about":[{"href":"https:\/\/www.ecotrend.cz\/index.php?rest_route=\/wp\/v2\/types\/page"}],"author":[{"embeddable":true,"href":"https:\/\/www.ecotrend.cz\/index.php?rest_route=\/wp\/v2\/users\/1"}],"replies":[{"embeddable":true,"href":"https:\/\/www.ecotrend.cz\/index.php?rest_route=%2Fwp%2Fv2%2Fcomments&post=108"}],"version-history":[{"count":0,"href":"https:\/\/www.ecotrend.cz\/index.php?rest_route=\/wp\/v2\/pages\/108\/revisions"}],"wp:attachment":[{"href":"https:\/\/www.ecotrend.cz\/index.php?rest_route=%2Fwp%2Fv2%2Fmedia&parent=108"}],"curies":[{"name":"wp","href":"https:\/\/api.w.org\/{rel}","templated":true}]}}