{"id":107,"date":"2024-12-04T14:12:04","date_gmt":"2024-12-04T13:12:04","guid":{"rendered":"http:\/\/192.168.1.201\/wordpress\/?page_id=107"},"modified":"2024-12-28T17:31:31","modified_gmt":"2024-12-28T17:31:31","slug":"reference","status":"publish","type":"page","link":"https:\/\/www.ecotrend.cz\/?page_id=107","title":{"rendered":"Reference"},"content":{"rendered":"\n<p><strong>Klienti<\/strong><\/p>\n\n\n\n<ul class=\"wp-block-list\">\n<li>Ministerstvo \u017eivotn\u00edho prost\u0159ed\u00ed<\/li>\n\n\n\n<li>E.ON \u010cesk\u00e1 republika, s.r.o.<\/li>\n\n\n\n<li>Slatinn\u00e9 l\u00e1zn\u011b T\u0159ebo\u0148 s.r.o.<\/li>\n\n\n\n<li>Morava Wood Products s.r.o.<\/li>\n\n\n\n<li>Wienerberger s.r.o.<\/li>\n\n\n\n<li>Saint-Gobain group (Weber, Rigips)<\/li>\n\n\n\n<li>V\u00fdzkumn\u00fd \u00fastav meliorac\u00ed a ochrany p\u016fdy, v.v.i.<\/li>\n\n\n\n<li>\u010cesk\u00e1 bioplynov\u00e1 asociace, z.s.<\/li>\n\n\n\n<li>Ekoport z.s.<\/li>\n\n\n\n<li>AgEnDa z.s.<\/li>\n\n\n\n<li>\u010cEPS a.s.<\/li>\n\n\n\n<li>\u0158\u00edzen\u00ed letov\u00e9ho provozu \u010cR, s.p.<\/li>\n\n\n\n<li>Jiho\u010desk\u00fd kraj, krajsk\u00fd \u00fa\u0159ad<\/li>\n\n\n\n<li>Statut\u00e1rn\u00ed m\u011bsto Most<\/li>\n\n\n\n<li>M\u011bsto Litv\u00ednov<\/li>\n\n\n\n<li>Statut\u00e1rn\u00ed m\u011bsto Kladno<\/li>\n<\/ul>\n\n\n\n<p>V sou\u010dasnosti spolupracujeme s dal\u0161\u00edmi v\u00fdzkumn\u00fdmi a vzd\u011bl\u00e1vac\u00edmi institucemi na r\u016fzn\u00fdch programech a <a href=\"https:\/\/www.ecotrend.cz\/?cat=2\">projektech<\/a>.<\/p>\n\n\n\n<p><\/p>\n","protected":false},"excerpt":{"rendered":"<p>Klienti V sou\u010dasnosti spolupracujeme s dal\u0161\u00edmi v\u00fdzkumn\u00fdmi a vzd\u011bl\u00e1vac\u00edmi institucemi na r\u016fzn\u00fdch programech a projektech.<\/p>\n","protected":false},"author":1,"featured_media":0,"parent":0,"menu_order":5,"comment_status":"closed","ping_status":"closed","template":"","meta":{"footnotes":""},"class_list":["post-107","page","type-page","status-publish","hentry"],"_links":{"self":[{"href":"https:\/\/www.ecotrend.cz\/index.php?rest_route=\/wp\/v2\/pages\/107","targetHints":{"allow":["GET"]}}],"collection":[{"href":"https:\/\/www.ecotrend.cz\/index.php?rest_route=\/wp\/v2\/pages"}],"about":[{"href":"https:\/\/www.ecotrend.cz\/index.php?rest_route=\/wp\/v2\/types\/page"}],"author":[{"embeddable":true,"href":"https:\/\/www.ecotrend.cz\/index.php?rest_route=\/wp\/v2\/users\/1"}],"replies":[{"embeddable":true,"href":"https:\/\/www.ecotrend.cz\/index.php?rest_route=%2Fwp%2Fv2%2Fcomments&post=107"}],"version-history":[{"count":1,"href":"https:\/\/www.ecotrend.cz\/index.php?rest_route=\/wp\/v2\/pages\/107\/revisions"}],"predecessor-version":[{"id":2181,"href":"https:\/\/www.ecotrend.cz\/index.php?rest_route=\/wp\/v2\/pages\/107\/revisions\/2181"}],"wp:attachment":[{"href":"https:\/\/www.ecotrend.cz\/index.php?rest_route=%2Fwp%2Fv2%2Fmedia&parent=107"}],"curies":[{"name":"wp","href":"https:\/\/api.w.org\/{rel}","templated":true}]}}